{"id":32033,"date":"2023-04-19T14:39:12","date_gmt":"2023-04-19T12:39:12","guid":{"rendered":"https:\/\/dev.montessorilittlebirds.ch\/?page_id=32033"},"modified":"2024-05-03T11:48:13","modified_gmt":"2024-05-03T09:48:13","slug":"process-procedure","status":"publish","type":"page","link":"https:\/\/montessorilittlebirds.ch\/fr\/process-procedure\/","title":{"rendered":"Proc\u00e9dure d'inscription"},"content":{"rendered":"<div data-elementor-type=\"wp-page\" data-elementor-id=\"32033\" class=\"elementor elementor-32033\" data-elementor-post-type=\"page\">\n\t\t\t\t\t\t<section class=\"elementor-section elementor-top-section elementor-element elementor-element-5c135293 elementor-section-full_width elementor-section-height-min-height elementor-section-height-default elementor-section-items-middle\" data-id=\"5c135293\" data-element_type=\"section\" data-settings=\"{&quot;background_background&quot;:&quot;classic&quot;}\">\n\t\t\t\t\t\t<div class=\"elementor-container elementor-column-gap-default\">\n\t\t\t\t\t<div class=\"elementor-column elementor-col-100 elementor-top-column elementor-element elementor-element-7465b68e\" data-id=\"7465b68e\" data-element_type=\"column\">\n\t\t\t<div class=\"elementor-widget-wrap\">\n\t\t\t\t\t\t\t<\/div>\n\t\t<\/div>\n\t\t\t\t\t<\/div>\n\t\t<\/section>\n\t\t\t\t<section class=\"elementor-section elementor-top-section elementor-element elementor-element-4805bfd9 elementor-section-boxed elementor-section-height-default elementor-section-height-default\" data-id=\"4805bfd9\" data-element_type=\"section\" data-settings=\"{&quot;background_background&quot;:&quot;classic&quot;}\">\n\t\t\t\t\t\t<div class=\"elementor-container elementor-column-gap-default\">\n\t\t\t\t\t<div class=\"elementor-column elementor-col-100 elementor-top-column elementor-element elementor-element-48f7a8eb\" data-id=\"48f7a8eb\" data-element_type=\"column\">\n\t\t\t<div class=\"elementor-widget-wrap elementor-element-populated\">\n\t\t\t\t\t\t<div class=\"elementor-element elementor-element-6f03a1aa elementor-widget elementor-widget-heading\" data-id=\"6f03a1aa\" data-element_type=\"widget\" data-widget_type=\"heading.default\">\n\t\t\t\t<div class=\"elementor-widget-container\">\n\t\t\t<style>\/*! elementor - v3.20.0 - 13-03-2024 *\/\n.elementor-heading-title{padding:0;margin:0;line-height:1}.elementor-widget-heading .elementor-heading-title[class*=elementor-size-]>a{color:inherit;font-size:inherit;line-height:inherit}.elementor-widget-heading .elementor-heading-title.elementor-size-small{font-size:15px}.elementor-widget-heading .elementor-heading-title.elementor-size-medium{font-size:19px}.elementor-widget-heading .elementor-heading-title.elementor-size-large{font-size:29px}.elementor-widget-heading .elementor-heading-title.elementor-size-xl{font-size:39px}.elementor-widget-heading .elementor-heading-title.elementor-size-xxl{font-size:59px}<\/style><h2 class=\"elementor-heading-title elementor-size-default\">Proc\u00e9dure d'inscription<\/h2>\t\t<\/div>\n\t\t\t\t<\/div>\n\t\t\t\t<div class=\"elementor-element elementor-element-2c08941 elementor-widget elementor-widget-text-editor\" data-id=\"2c08941\" data-element_type=\"widget\" data-widget_type=\"text-editor.default\">\n\t\t\t\t<div class=\"elementor-widget-container\">\n\t\t\t<style>\/*! elementor - v3.20.0 - 13-03-2024 *\/\n.elementor-widget-text-editor.elementor-drop-cap-view-stacked .elementor-drop-cap{background-color:#69727d;color:#fff}.elementor-widget-text-editor.elementor-drop-cap-view-framed .elementor-drop-cap{color:#69727d;border:3px solid;background-color:transparent}.elementor-widget-text-editor:not(.elementor-drop-cap-view-default) .elementor-drop-cap{margin-top:8px}.elementor-widget-text-editor:not(.elementor-drop-cap-view-default) .elementor-drop-cap-letter{width:1em;height:1em}.elementor-widget-text-editor .elementor-drop-cap{float:left;text-align:center;line-height:1;font-size:50px}.elementor-widget-text-editor .elementor-drop-cap-letter{display:inline-block}<\/style>\t\t\t\t<p><span style=\"font-size: 16px; font-weight: 400; letter-spacing: var( --e-global-typography-99a6d6e-letter-spacing ); word-spacing: var( --e-global-typography-99a6d6e-word-spacing ); background-color: var( --e-global-color-primary );\">Afin d'inscrire votre enfant dans notre Maison des Enfants pour l'ann\u00e9e scolaire 2024-2025, il faut que votre enfant ait d\u00e9j\u00e0 3 ans r\u00e9volus au 31\nd\u00e9cembre 2024 (ou plus), selon le r\u00e8glement des autorit\u00e9s scolaires genevoises.<\/span><\/p>\t\t\t\t\t\t<\/div>\n\t\t\t\t<\/div>\n\t\t\t\t\t<\/div>\n\t\t<\/div>\n\t\t\t\t\t<\/div>\n\t\t<\/section>\n\t\t\t\t<section class=\"elementor-section elementor-top-section elementor-element elementor-element-02ae858 elementor-section-boxed elementor-section-height-default elementor-section-height-default\" data-id=\"02ae858\" data-element_type=\"section\">\n\t\t\t\t\t\t<div class=\"elementor-container elementor-column-gap-default\">\n\t\t\t\t\t<div class=\"elementor-column elementor-col-100 elementor-top-column elementor-element elementor-element-c09fc31\" data-id=\"c09fc31\" data-element_type=\"column\">\n\t\t\t<div class=\"elementor-widget-wrap elementor-element-populated\">\n\t\t\t\t\t\t<div class=\"elementor-element elementor-element-70488f1 elementor-widget elementor-widget-heading\" data-id=\"70488f1\" data-element_type=\"widget\" data-widget_type=\"heading.default\">\n\t\t\t\t<div class=\"elementor-widget-container\">\n\t\t\t<h2 class=\"elementor-heading-title elementor-size-default\">Faire une visite<\/h2>\t\t<\/div>\n\t\t\t\t<\/div>\n\t\t\t\t<div class=\"elementor-element elementor-element-6444d045 elementor-widget elementor-widget-heading\" data-id=\"6444d045\" data-element_type=\"widget\" data-widget_type=\"heading.default\">\n\t\t\t\t<div class=\"elementor-widget-container\">\n\t\t\t<h4 class=\"elementor-heading-title elementor-size-default\">Pour la premi\u00e8re visite, nous conseillons aux parents de venir sans leur enfant afin que nous puissions nous concentrer sur les questions parentales et leur montrer les diff\u00e9rentes aires de notre salle de classe. Nous ferons de notre mieux pour expliquer la m\u00e9thode et l'approche Montessori. Un court entretien aura lieu avec le directeur afin de d\u00e9terminer si l'enfant peut b\u00e9n\u00e9ficier de notre \u00e9cole.\n<\/h4>\t\t<\/div>\n\t\t\t\t<\/div>\n\t\t\t\t<div class=\"elementor-element elementor-element-aeefafc elementor-align-center elementor-mobile-align-center elementor-widget elementor-widget-button\" data-id=\"aeefafc\" data-element_type=\"widget\" data-widget_type=\"button.default\">\n\t\t\t\t<div class=\"elementor-widget-container\">\n\t\t\t\t\t<div class=\"elementor-button-wrapper\">\n\t\t\t<a class=\"elementor-button elementor-button-link elementor-size-sm\" href=\"https:\/\/montessorilittlebirds.ch\/fr\/book-a-visit\/\">\n\t\t\t\t\t\t<span class=\"elementor-button-content-wrapper\">\n\t\t\t\t\t\t<span class=\"elementor-button-text\">R\u00e9server une visite<\/span>\n\t\t<\/span>\n\t\t\t\t\t<\/a>\n\t\t<\/div>\n\t\t\t\t<\/div>\n\t\t\t\t<\/div>\n\t\t\t\t\t<\/div>\n\t\t<\/div>\n\t\t\t\t\t<\/div>\n\t\t<\/section>\n\t\t\t\t<section class=\"elementor-section elementor-top-section elementor-element elementor-element-a24f9b4 elementor-section-boxed elementor-section-height-default elementor-section-height-default\" data-id=\"a24f9b4\" data-element_type=\"section\" data-settings=\"{&quot;background_background&quot;:&quot;classic&quot;}\">\n\t\t\t\t\t\t<div class=\"elementor-container elementor-column-gap-default\">\n\t\t\t\t\t<div class=\"elementor-column elementor-col-100 elementor-top-column elementor-element elementor-element-c090c77\" data-id=\"c090c77\" data-element_type=\"column\">\n\t\t\t<div class=\"elementor-widget-wrap elementor-element-populated\">\n\t\t\t\t\t\t<div class=\"elementor-element elementor-element-5607343 elementor-widget elementor-widget-heading\" data-id=\"5607343\" data-element_type=\"widget\" data-widget_type=\"heading.default\">\n\t\t\t\t<div class=\"elementor-widget-container\">\n\t\t\t<h2 class=\"elementor-heading-title elementor-size-default\">Les \u00e9tapes suivantes<\/h2>\t\t<\/div>\n\t\t\t\t<\/div>\n\t\t\t\t<div class=\"elementor-element elementor-element-fbf082b elementor-widget elementor-widget-heading\" data-id=\"fbf082b\" data-element_type=\"widget\" data-widget_type=\"heading.default\">\n\t\t\t\t<div class=\"elementor-widget-container\">\n\t\t\t<h4 class=\"elementor-heading-title elementor-size-default\">Pour garantir une place \u00e0 votre enfant au sein de Little Birds, nous demandons le paiement des frais d'inscription et d'un acompte correspondant au premier mois de frais de scolarit\u00e9. \n\n<\/h4>\t\t<\/div>\n\t\t\t\t<\/div>\n\t\t\t\t<div class=\"elementor-element elementor-element-d9ce36e elementor-widget elementor-widget-text-editor\" data-id=\"d9ce36e\" data-element_type=\"widget\" data-widget_type=\"text-editor.default\">\n\t\t\t\t<div class=\"elementor-widget-container\">\n\t\t\t\t\t\t\t<p>Avant l'entr\u00e9e de votre enfant \u00e0 l'\u00e9cole, nous vous enverrons des informations pratiques sur la pr\u00e9paration de votre enfant \u00e0 son premier jour d'\u00e9cole. Une p\u00e9riode d'adaptation ou d'essai peut \u00eatre organis\u00e9e, si cela s'av\u00e8re n\u00e9cessaire. Notre objectif est de faire en sorte que tout se passe le mieux possible.<\/p>\t\t\t\t\t\t<\/div>\n\t\t\t\t<\/div>\n\t\t\t\t<div class=\"elementor-element elementor-element-a16c3bd elementor-widget elementor-widget-text-editor\" data-id=\"a16c3bd\" data-element_type=\"widget\" data-widget_type=\"text-editor.default\">\n\t\t\t\t<div class=\"elementor-widget-container\">\n\t\t\t\t\t\t\t<p><span style=\"font-weight: 400;\">Afin de conna\u00eetre nos termes et conditions, veuillez contacter Andreas \u00e0 l'adresse suivante <a href=\"mailto:info@montessorilittlebirds.ch\" target=\"_blank\" rel=\"noopener\">info@montessorilittlebirds.ch<\/a><\/span><\/p>\t\t\t\t\t\t<\/div>\n\t\t\t\t<\/div>\n\t\t\t\t\t<\/div>\n\t\t<\/div>\n\t\t\t\t\t<\/div>\n\t\t<\/section>\n\t\t\t\t<section class=\"elementor-section elementor-top-section elementor-element elementor-element-967e946 elementor-section-boxed elementor-section-height-default elementor-section-height-default\" data-id=\"967e946\" data-element_type=\"section\" data-settings=\"{&quot;background_background&quot;:&quot;classic&quot;}\">\n\t\t\t\t\t\t<div class=\"elementor-container elementor-column-gap-default\">\n\t\t\t\t\t<div class=\"elementor-column elementor-col-100 elementor-top-column elementor-element elementor-element-4e27d67\" data-id=\"4e27d67\" data-element_type=\"column\">\n\t\t\t<div class=\"elementor-widget-wrap elementor-element-populated\">\n\t\t\t\t\t\t<div class=\"elementor-element elementor-element-5a4175e elementor-align-center elementor-mobile-align-center elementor-widget elementor-widget-button\" data-id=\"5a4175e\" data-element_type=\"widget\" data-widget_type=\"button.default\">\n\t\t\t\t<div class=\"elementor-widget-container\">\n\t\t\t\t\t<div class=\"elementor-button-wrapper\">\n\t\t\t<a class=\"elementor-button elementor-button-link elementor-size-sm\" href=\"https:\/\/montessorilittlebirds.ch\/fr\/school-information\/#tariffs\">\n\t\t\t\t\t\t<span class=\"elementor-button-content-wrapper\">\n\t\t\t\t\t\t<span class=\"elementor-button-text\">our tariffs<\/span>\n\t\t<\/span>\n\t\t\t\t\t<\/a>\n\t\t<\/div>\n\t\t\t\t<\/div>\n\t\t\t\t<\/div>\n\t\t\t\t\t<\/div>\n\t\t<\/div>\n\t\t\t\t\t<\/div>\n\t\t<\/section>\n\t\t\t\t<\/div>","protected":false},"excerpt":{"rendered":"<p>Enrollment Procedure To enroll your child into the Children\u2019s House for the 2024-2025 school year, he\/she must be 3 years of age by 31st December, 2024 according to the regulations of the School Authorities of Geneva. Come For A Visit For the first visit, we advise parents to come without their child so we can [&hellip;]<\/p>","protected":false},"author":1,"featured_media":0,"parent":0,"menu_order":0,"comment_status":"closed","ping_status":"closed","template":"elementor_header_footer","meta":{"footnotes":""},"yoast_head":"<!-- This site is optimized with the Yoast SEO plugin v22.2 - https:\/\/yoast.com\/wordpress\/plugins\/seo\/ -->\n<title>Enrollment Procedure - Montessori Little Birds<\/title>\n<meta name=\"robots\" content=\"index, follow, max-snippet:-1, max-image-preview:large, max-video-preview:-1\" \/>\n<link rel=\"canonical\" href=\"https:\/\/montessorilittlebirds.ch\/fr\/process-procedure\/\" \/>\n<meta property=\"og:locale\" content=\"fr_FR\" \/>\n<meta property=\"og:type\" content=\"article\" \/>\n<meta property=\"og:title\" content=\"Enrollment Procedure - Montessori Little Birds\" \/>\n<meta property=\"og:description\" content=\"Enrollment Procedure To enroll your child into the Children\u2019s House for the 2024-2025 school year, he\/she must be 3 years of age by 31st December, 2024 according to the regulations of the School Authorities of Geneva. Come For A Visit For the first visit, we advise parents to come without their child so we can [&hellip;]\" \/>\n<meta property=\"og:url\" content=\"https:\/\/montessorilittlebirds.ch\/fr\/process-procedure\/\" \/>\n<meta property=\"og:site_name\" content=\"Montessori Little Birds\" \/>\n<meta property=\"article:modified_time\" content=\"2024-05-03T09:48:13+00:00\" \/>\n<meta name=\"twitter:card\" content=\"summary_large_image\" \/>\n<meta name=\"twitter:label1\" content=\"Dur\u00e9e de lecture estim\u00e9e\" \/>\n\t<meta name=\"twitter:data1\" content=\"1 minute\" \/>\n<script type=\"application\/ld+json\" class=\"yoast-schema-graph\">{\"@context\":\"https:\/\/schema.org\",\"@graph\":[{\"@type\":\"WebPage\",\"@id\":\"https:\/\/montessorilittlebirds.ch\/process-procedure\/\",\"url\":\"https:\/\/montessorilittlebirds.ch\/process-procedure\/\",\"name\":\"Enrollment Procedure - Montessori Little Birds\",\"isPartOf\":{\"@id\":\"https:\/\/montessorilittlebirds.ch\/#website\"},\"datePublished\":\"2023-04-19T12:39:12+00:00\",\"dateModified\":\"2024-05-03T09:48:13+00:00\",\"breadcrumb\":{\"@id\":\"https:\/\/montessorilittlebirds.ch\/process-procedure\/#breadcrumb\"},\"inLanguage\":\"fr-FR\",\"potentialAction\":[{\"@type\":\"ReadAction\",\"target\":[\"https:\/\/montessorilittlebirds.ch\/process-procedure\/\"]}]},{\"@type\":\"BreadcrumbList\",\"@id\":\"https:\/\/montessorilittlebirds.ch\/process-procedure\/#breadcrumb\",\"itemListElement\":[{\"@type\":\"ListItem\",\"position\":1,\"name\":\"Home\",\"item\":\"https:\/\/montessorilittlebirds.ch\/fr\/\"},{\"@type\":\"ListItem\",\"position\":2,\"name\":\"Enrollment Procedure\"}]},{\"@type\":\"WebSite\",\"@id\":\"https:\/\/montessorilittlebirds.ch\/#website\",\"url\":\"https:\/\/montessorilittlebirds.ch\/\",\"name\":\"Montessori Little Birds\",\"description\":\"Ecole Montessori Bilingue, 3-6 ans \u00e0 Onex, Gen\u00e8ve\",\"potentialAction\":[{\"@type\":\"SearchAction\",\"target\":{\"@type\":\"EntryPoint\",\"urlTemplate\":\"https:\/\/montessorilittlebirds.ch\/?s={search_term_string}\"},\"query-input\":\"required name=search_term_string\"}],\"inLanguage\":\"fr-FR\"}]}<\/script>\n<!-- \/ Yoast SEO plugin. -->","yoast_head_json":{"title":"Enrollment Procedure - Montessori Little Birds","robots":{"index":"index","follow":"follow","max-snippet":"max-snippet:-1","max-image-preview":"max-image-preview:large","max-video-preview":"max-video-preview:-1"},"canonical":"https:\/\/montessorilittlebirds.ch\/fr\/process-procedure\/","og_locale":"fr_FR","og_type":"article","og_title":"Enrollment Procedure - Montessori Little Birds","og_description":"Enrollment Procedure To enroll your child into the Children\u2019s House for the 2024-2025 school year, he\/she must be 3 years of age by 31st December, 2024 according to the regulations of the School Authorities of Geneva. Come For A Visit For the first visit, we advise parents to come without their child so we can [&hellip;]","og_url":"https:\/\/montessorilittlebirds.ch\/fr\/process-procedure\/","og_site_name":"Montessori Little Birds","article_modified_time":"2024-05-03T09:48:13+00:00","twitter_card":"summary_large_image","twitter_misc":{"Dur\u00e9e de lecture estim\u00e9e":"1 minute"},"schema":{"@context":"https:\/\/schema.org","@graph":[{"@type":"WebPage","@id":"https:\/\/montessorilittlebirds.ch\/process-procedure\/","url":"https:\/\/montessorilittlebirds.ch\/process-procedure\/","name":"Enrollment Procedure - Montessori Little Birds","isPartOf":{"@id":"https:\/\/montessorilittlebirds.ch\/#website"},"datePublished":"2023-04-19T12:39:12+00:00","dateModified":"2024-05-03T09:48:13+00:00","breadcrumb":{"@id":"https:\/\/montessorilittlebirds.ch\/process-procedure\/#breadcrumb"},"inLanguage":"fr-FR","potentialAction":[{"@type":"ReadAction","target":["https:\/\/montessorilittlebirds.ch\/process-procedure\/"]}]},{"@type":"BreadcrumbList","@id":"https:\/\/montessorilittlebirds.ch\/process-procedure\/#breadcrumb","itemListElement":[{"@type":"ListItem","position":1,"name":"Home","item":"https:\/\/montessorilittlebirds.ch\/fr\/"},{"@type":"ListItem","position":2,"name":"Enrollment Procedure"}]},{"@type":"WebSite","@id":"https:\/\/montessorilittlebirds.ch\/#website","url":"https:\/\/montessorilittlebirds.ch\/","name":"Montessori Little Birds","description":"Ecole Montessori Bilingue, 3-6 ans \u00e0 Onex, Gen\u00e8ve","potentialAction":[{"@type":"SearchAction","target":{"@type":"EntryPoint","urlTemplate":"https:\/\/montessorilittlebirds.ch\/?s={search_term_string}"},"query-input":"required name=search_term_string"}],"inLanguage":"fr-FR"}]}},"_links":{"self":[{"href":"https:\/\/montessorilittlebirds.ch\/fr\/wp-json\/wp\/v2\/pages\/32033"}],"collection":[{"href":"https:\/\/montessorilittlebirds.ch\/fr\/wp-json\/wp\/v2\/pages"}],"about":[{"href":"https:\/\/montessorilittlebirds.ch\/fr\/wp-json\/wp\/v2\/types\/page"}],"author":[{"embeddable":true,"href":"https:\/\/montessorilittlebirds.ch\/fr\/wp-json\/wp\/v2\/users\/1"}],"replies":[{"embeddable":true,"href":"https:\/\/montessorilittlebirds.ch\/fr\/wp-json\/wp\/v2\/comments?post=32033"}],"version-history":[{"count":0,"href":"https:\/\/montessorilittlebirds.ch\/fr\/wp-json\/wp\/v2\/pages\/32033\/revisions"}],"wp:attachment":[{"href":"https:\/\/montessorilittlebirds.ch\/fr\/wp-json\/wp\/v2\/media?parent=32033"}],"curies":[{"name":"wp","href":"https:\/\/api.w.org\/{rel}","templated":true}]}}