{"id":44542,"date":"2024-09-30T11:38:28","date_gmt":"2024-09-30T09:38:28","guid":{"rendered":"https:\/\/montessorilittlebirds.ch\/?page_id=44542"},"modified":"2025-12-01T11:59:02","modified_gmt":"2025-12-01T10:59:02","slug":"tarifs","status":"publish","type":"page","link":"https:\/\/montessorilittlebirds.ch\/fr\/tarifs\/","title":{"rendered":"Tarifs"},"content":{"rendered":"<div data-elementor-type=\"wp-page\" data-elementor-id=\"44542\" class=\"elementor elementor-44542\" data-elementor-post-type=\"page\">\n\t\t\t\t\t\t<section class=\"elementor-section elementor-top-section elementor-element elementor-element-73a57e2b elementor-section-full_width elementor-section-height-min-height elementor-section-height-default elementor-section-items-middle\" data-id=\"73a57e2b\" data-element_type=\"section\" data-settings=\"{&quot;background_background&quot;:&quot;classic&quot;}\">\n\t\t\t\t\t\t<div class=\"elementor-container elementor-column-gap-default\">\n\t\t\t\t\t<div class=\"elementor-column elementor-col-100 elementor-top-column elementor-element elementor-element-17fd645f\" data-id=\"17fd645f\" data-element_type=\"column\">\n\t\t\t<div class=\"elementor-widget-wrap\">\n\t\t\t\t\t\t\t<\/div>\n\t\t<\/div>\n\t\t\t\t\t<\/div>\n\t\t<\/section>\n\t\t\t\t<section class=\"elementor-section elementor-top-section elementor-element elementor-element-2b750a25 elementor-section-boxed elementor-section-height-default elementor-section-height-default\" data-id=\"2b750a25\" data-element_type=\"section\" data-settings=\"{&quot;background_background&quot;:&quot;classic&quot;}\">\n\t\t\t\t\t\t<div class=\"elementor-container elementor-column-gap-default\">\n\t\t\t\t\t<div class=\"elementor-column elementor-col-100 elementor-top-column elementor-element elementor-element-39d6669c\" data-id=\"39d6669c\" data-element_type=\"column\">\n\t\t\t<div class=\"elementor-widget-wrap elementor-element-populated\">\n\t\t\t\t\t\t<div class=\"elementor-element elementor-element-17b89c24 elementor-widget elementor-widget-heading\" data-id=\"17b89c24\" data-element_type=\"widget\" data-widget_type=\"heading.default\">\n\t\t\t\t<div class=\"elementor-widget-container\">\n\t\t\t<style>\/*! elementor - v3.20.0 - 13-03-2024 *\/\n.elementor-heading-title{padding:0;margin:0;line-height:1}.elementor-widget-heading .elementor-heading-title[class*=elementor-size-]>a{color:inherit;font-size:inherit;line-height:inherit}.elementor-widget-heading .elementor-heading-title.elementor-size-small{font-size:15px}.elementor-widget-heading .elementor-heading-title.elementor-size-medium{font-size:19px}.elementor-widget-heading .elementor-heading-title.elementor-size-large{font-size:29px}.elementor-widget-heading .elementor-heading-title.elementor-size-xl{font-size:39px}.elementor-widget-heading .elementor-heading-title.elementor-size-xxl{font-size:59px}<\/style><h2 class=\"elementor-heading-title elementor-size-default\">Tarifs<\/h2>\t\t<\/div>\n\t\t\t\t<\/div>\n\t\t\t\t\t<\/div>\n\t\t<\/div>\n\t\t\t\t\t<\/div>\n\t\t<\/section>\n\t\t\t\t<section class=\"elementor-section elementor-top-section elementor-element elementor-element-96dd0b0 elementor-section-boxed elementor-section-height-default elementor-section-height-default\" data-id=\"96dd0b0\" data-element_type=\"section\">\n\t\t\t\t\t\t<div class=\"elementor-container elementor-column-gap-default\">\n\t\t\t\t\t<div class=\"elementor-column elementor-col-100 elementor-top-column elementor-element elementor-element-e54ffb0\" data-id=\"e54ffb0\" data-element_type=\"column\">\n\t\t\t<div class=\"elementor-widget-wrap elementor-element-populated\">\n\t\t\t\t\t\t<div class=\"elementor-element elementor-element-ead1780 elementor-widget elementor-widget-text-editor\" data-id=\"ead1780\" data-element_type=\"widget\" data-widget_type=\"text-editor.default\">\n\t\t\t\t<div class=\"elementor-widget-container\">\n\t\t\t<style>\/*! elementor - v3.20.0 - 13-03-2024 *\/\n.elementor-widget-text-editor.elementor-drop-cap-view-stacked .elementor-drop-cap{background-color:#69727d;color:#fff}.elementor-widget-text-editor.elementor-drop-cap-view-framed .elementor-drop-cap{color:#69727d;border:3px solid;background-color:transparent}.elementor-widget-text-editor:not(.elementor-drop-cap-view-default) .elementor-drop-cap{margin-top:8px}.elementor-widget-text-editor:not(.elementor-drop-cap-view-default) .elementor-drop-cap-letter{width:1em;height:1em}.elementor-widget-text-editor .elementor-drop-cap{float:left;text-align:center;line-height:1;font-size:50px}.elementor-widget-text-editor .elementor-drop-cap-letter{display:inline-block}<\/style>\t\t\t\t<h3><strong>\u00a0 \u00a0 \u00a0 \u00a0 \u00a0 \u00a0 \u00a0 \u00a0 \u00a0 \u00a0 \u00a0 \u00a0 \u00a0 \u00a0 \u00a0 \u00a0 \u00a0 \u00a0 \u00a0 \u00a0 \u00a0 \u00a0 \u00a0 \u00a0 \u00a0 \u00a0 \u00a0 \u00a0 \u00a0 \u00a0 \u00a0 \u00a0 \u00a0 \u00a0 \u00a0 \u00a0<\/strong><\/h3><h3><strong>\u00a0 \u00a0 \u00a0 \u00a0 \u00a0 \u00a0 \u00a0 \u00a0 \u00a0 \u00a0 \u00a0 \u00a0 \u00a0 \u00a0 \u00a0 \u00a0 \u00a0 \u00a0 \u00a0 \u00a0 \u00a0 \u00a0 \u00a0 \u00a0 \u00a0 \u00a0 \u00a0 \u00a0 \u00a0 \u00a0 \u00a0 \u00a0 \u00a0 \u00a0 \u00a0 \u00a0 \u00a0 \u00a0 \u00a0Ann\u00e9e scolaire 2025-2026<\/strong><\/h3><p>L'ann\u00e9e scolaire 2025-2026 s'\u00e9tend sur 10 mois et 2 semaines, du 18 ao\u00fbt 2025 au 26 juin 2026. Les frais de scolarit\u00e9 indiqu\u00e9s ci-dessous incluent \u00e0 la fois les montants mensuels et annuels.<\/p><p><strong>Formules et tarifs (du 18 ao\u00fbt 2025 au 26 juin 2026)<\/strong><\/p><ul><li>Mi-temps (8h00 - 11h30) :<strong> CHF 1'000 par mois ou CHF 10'500 par an<\/strong><\/li><li>Mi-temps avec repas (8h00 - 13h30) : <strong>CHF 1'250 par mois ou CHF 13'125 par an<\/strong><\/li><li>Plein-temps (8h00 - 16h00)<strong> CHF 1'500 par mois ou CHF 15'750 par an<\/strong><strong><br \/><\/strong><\/li><\/ul><p><strong>Service de garde parascolaire avec go\u00fbter <\/strong><\/p><p>Nous proposons un service de garde tous les jours, sauf le mercredi, de 16h00 \u00e0 18h00. Un go\u00fbter sain est servi.<\/p><p>L\u2019\u00e9cole propose uniquement des forfaits mensuels fixes pour la garde parascolaire. Ces tarifs tiennent d\u00e9j\u00e0 compte des jours de fermeture et garantissent un co\u00fbt annuel stable. Une facture mensuelle est \u00e9mise. Bas\u00e9 sur <strong>CHF30\/jour<\/strong>, voici les options forfaitaires en 2025-2026 :<\/p><p>Nos tarifs mensuels sont les suivants :<\/p><p>1 jour par semaine : <strong>CHF 105<\/strong><br \/>2 jours par semaine : <strong>CHF 210<\/strong><br \/>3 jours par semaine : <strong>CHF 315<\/strong><br \/>4 jours par semaine : <strong>CHF 420<\/strong><\/p><p>Aucune r\u00e9duction n\u2019est accord\u00e9e en cas d\u2019absence. Toute journ\u00e9e suppl\u00e9mentaire non pr\u00e9vue doit \u00eatre demand\u00e9e par email au moins 24 heures \u00e0 l\u2019avance et sera factur\u00e9e \u00e0 <strong>CHF 30 par jour.<\/strong><\/p><p><strong>Frais d'inscription<\/strong><\/p><ul><li>Frais d'inscription pour la premi\u00e8re ann\u00e9e : <strong>CHF 250<\/strong><\/li><li>Frais d'administration 2026-2027 :<strong> CHF 200<\/strong><\/li><li>Acompte du premier mois d\u2019\u00e9colage :<strong>\u00a0selon la formule choisie<\/strong><\/li><\/ul><p><strong>Rabais<\/strong><\/p><ul><li>Pour un engagement de 2 et 3 ans :<br \/><strong>5% de r\u00e9duction<\/strong>\u00a0 sur les frais scolaires de la 2\u00e8me ann\u00e9e <strong>(<span style=\"text-decoration: underline;\">conditions<\/span> : votre enfant doit avoir termin\u00e9 une premi\u00e8re ann\u00e9e compl\u00e8te et avoir 4 ans r\u00e9volus au 31 juillet de l\u2019ann\u00e9e en question)<br \/><\/strong><strong>10% de r\u00e9duction<\/strong>\u00a0 sur les frais d'\u00e9colage de la 3\u00e8me ann\u00e9e<\/li><li>Pour le 2\u00e8me enfant inscrit simultan\u00e9ment de la m\u00eame famille : <strong>rabais additionnel de 20% sur les frais du 2\u00e8me enfant<br \/><\/strong><\/li><\/ul><p><strong>Options de paiement<\/strong><\/p><ul><li>Annuel (1 x) : <strong>5% de r\u00e9duction<\/strong><\/li><li>Par trimestre (3 x) : <strong>3% de r\u00e9duction<\/strong><\/li><\/ul><p>Possibilit\u00e9 de payer en <strong>10 ou 12 mensualit\u00e9s<\/strong><\/p>\t\t\t\t\t\t<\/div>\n\t\t\t\t<\/div>\n\t\t\t\t<div class=\"elementor-element elementor-element-28070a1 elementor-align-center elementor-mobile-align-left elementor-widget elementor-widget-button\" data-id=\"28070a1\" data-element_type=\"widget\" data-no-translation=\"\" data-widget_type=\"button.default\">\n\t\t\t\t<div class=\"elementor-widget-container\">\n\t\t\t<style>.elementor-element-28070a1{display:none !important}<\/style>\t\t<\/div>\n\t\t\t\t<\/div>\n\t\t\t\t<div class=\"elementor-element elementor-element-2415fbd elementor-align-center elementor-mobile-align-left elementor-widget elementor-widget-button\" data-id=\"2415fbd\" data-element_type=\"widget\" data-no-translation=\"\" data-widget_type=\"button.default\">\n\t\t\t\t<div class=\"elementor-widget-container\">\n\t\t\t\t\t<div class=\"elementor-button-wrapper\">\n\t\t\t<a class=\"elementor-button elementor-button-link elementor-size-sm\" href=\"https:\/\/montessorilittlebirds.ch\/wp-content\/uploads\/2025\/12\/Montessori-Little-Birds-conditions-financieres-et-reglement-2025-2026.pdf\" target=\"_blank\">\n\t\t\t\t\t\t<span class=\"elementor-button-content-wrapper\">\n\t\t\t\t\t\t<span class=\"elementor-button-icon elementor-align-icon-left\">\n\t\t\t\t<i aria-hidden=\"true\" class=\"far fa-file-pdf\"><\/i>\t\t\t<\/span>\n\t\t\t\t\t\t<span class=\"elementor-button-text\">Conditions financi\u00e8res et r\u00e8glement <b>2025-2026<b><\/span>\n\t\t<\/span>\n\t\t\t\t\t<\/a>\n\t\t<\/div>\n\t\t\t\t<\/div>\n\t\t\t\t<\/div>\n\t\t\t\t\t<\/div>\n\t\t<\/div>\n\t\t\t\t\t<\/div>\n\t\t<\/section>\n\t\t\t\t<section class=\"elementor-section elementor-top-section elementor-element elementor-element-189c01f8 elementor-section-boxed elementor-section-height-default elementor-section-height-default\" data-id=\"189c01f8\" data-element_type=\"section\" data-settings=\"{&quot;background_background&quot;:&quot;classic&quot;}\">\n\t\t\t\t\t\t<div class=\"elementor-container elementor-column-gap-default\">\n\t\t\t\t\t<div class=\"elementor-column elementor-col-100 elementor-top-column elementor-element elementor-element-4bfe5175\" data-id=\"4bfe5175\" data-element_type=\"column\">\n\t\t\t<div class=\"elementor-widget-wrap elementor-element-populated\">\n\t\t\t\t\t\t<div class=\"elementor-element elementor-element-18272dd4 elementor-widget elementor-widget-image\" data-id=\"18272dd4\" data-element_type=\"widget\" data-widget_type=\"image.default\">\n\t\t\t\t<div class=\"elementor-widget-container\">\n\t\t\t<style>\/*! elementor - v3.20.0 - 13-03-2024 *\/\n.elementor-widget-image{text-align:center}.elementor-widget-image a{display:inline-block}.elementor-widget-image a img[src$=\".svg\"]{width:48px}.elementor-widget-image img{vertical-align:middle;display:inline-block}<\/style>\t\t\t\t\t\t\t\t\t\t<img decoding=\"async\"  src=\"https:\/\/montessorilittlebirds.ch\/wp-content\/uploads\/2022\/05\/22.svg\" class=\"attachment-full size-full wp-image-30786\" alt=\"\" \/>\t\t\t\t\t\t\t\t\t\t\t\t\t<\/div>\n\t\t\t\t<\/div>\n\t\t\t\t<div class=\"elementor-element elementor-element-6ec9d839 elementor-widget elementor-widget-heading\" data-id=\"6ec9d839\" data-element_type=\"widget\" data-widget_type=\"heading.default\">\n\t\t\t\t<div class=\"elementor-widget-container\">\n\t\t\t<h2 class=\"elementor-heading-title elementor-size-default\">Les \u00e9ducateurs ont fait preuve d'une grande attention dans l'accompagnement de l'apprentissage et nous avons \u00e9t\u00e9 ravis de la communication et du suivi.<\/h2>\t\t<\/div>\n\t\t\t\t<\/div>\n\t\t\t\t<div class=\"elementor-element elementor-element-6d6d55b9 elementor-widget elementor-widget-heading\" data-id=\"6d6d55b9\" data-element_type=\"widget\" data-widget_type=\"heading.default\">\n\t\t\t\t<div class=\"elementor-widget-container\">\n\t\t\t<h2 class=\"elementor-heading-title elementor-size-default\">Maman de Julia, \u00e2g\u00e9e de 5 ans<\/h2>\t\t<\/div>\n\t\t\t\t<\/div>\n\t\t\t\t<div class=\"elementor-element elementor-element-100814b4 elementor-align-right elementor-mobile-align-center elementor-widget elementor-widget-button\" data-id=\"100814b4\" data-element_type=\"widget\" data-widget_type=\"button.default\">\n\t\t\t\t<div class=\"elementor-widget-container\">\n\t\t\t\t\t<div class=\"elementor-button-wrapper\">\n\t\t\t<a class=\"elementor-button elementor-button-link elementor-size-sm\" href=\"https:\/\/montessorilittlebirds.ch\/fr\/book-a-visit\/\">\n\t\t\t\t\t\t<span class=\"elementor-button-content-wrapper\">\n\t\t\t\t\t\t<span class=\"elementor-button-text\">R\u00e9server une visite<\/span>\n\t\t<\/span>\n\t\t\t\t\t<\/a>\n\t\t<\/div>\n\t\t\t\t<\/div>\n\t\t\t\t<\/div>\n\t\t\t\t\t<\/div>\n\t\t<\/div>\n\t\t\t\t\t<\/div>\n\t\t<\/section>\n\t\t\t\t<\/div>","protected":false},"excerpt":{"rendered":"<p>School fees \u00a0 \u00a0 \u00a0 \u00a0 \u00a0 \u00a0 \u00a0 \u00a0 \u00a0 \u00a0 \u00a0 \u00a0 \u00a0 \u00a0 \u00a0 \u00a0 \u00a0 \u00a0 \u00a0 \u00a0 \u00a0 \u00a0 \u00a0 \u00a0 \u00a0 \u00a0 \u00a0 \u00a0 \u00a0 \u00a0 \u00a0 \u00a0 \u00a0 \u00a0 \u00a0 \u00a0 \u00a0 \u00a0 \u00a0 \u00a0 \u00a0 \u00a0 \u00a0 \u00a0 \u00a0 \u00a0 \u00a0 \u00a0 \u00a0 \u00a0 \u00a0 \u00a0 \u00a0 [&hellip;]<\/p>","protected":false},"author":41,"featured_media":0,"parent":0,"menu_order":0,"comment_status":"closed","ping_status":"closed","template":"elementor_header_footer","meta":{"footnotes":""},"yoast_head":"<!-- This site is optimized with the Yoast SEO plugin v22.2 - https:\/\/yoast.com\/wordpress\/plugins\/seo\/ -->\n<title>Tarifs - Montessori Little Birds - Gen\u00e8ve<\/title>\n<meta name=\"description\" content=\"Notre \u00e9cole est ouverte de 8h00 \u00e0 8h30 les lundis, mardis, jeudis et vendredis. Le mercredi fait place aux Wonderful Wednesdays pour l\u2019anglais. Lire plus\" \/>\n<meta name=\"robots\" content=\"index, follow, max-snippet:-1, max-image-preview:large, max-video-preview:-1\" \/>\n<link rel=\"canonical\" href=\"https:\/\/montessorilittlebirds.ch\/fr\/tarifs\/\" \/>\n<meta property=\"og:locale\" content=\"fr_FR\" \/>\n<meta property=\"og:type\" content=\"article\" \/>\n<meta property=\"og:title\" content=\"Tarifs - Montessori Little Birds - Gen\u00e8ve\" \/>\n<meta property=\"og:description\" content=\"Notre \u00e9cole est ouverte de 8h00 \u00e0 8h30 les lundis, mardis, jeudis et vendredis. Le mercredi fait place aux Wonderful Wednesdays pour l\u2019anglais. Lire plus\" \/>\n<meta property=\"og:url\" content=\"https:\/\/montessorilittlebirds.ch\/fr\/tarifs\/\" \/>\n<meta property=\"og:site_name\" content=\"Montessori Little Birds\" \/>\n<meta property=\"article:modified_time\" content=\"2025-12-01T10:59:02+00:00\" \/>\n<meta property=\"og:image\" content=\"https:\/\/montessorilittlebirds.ch\/wp-content\/uploads\/2022\/05\/22.svg\" \/>\n<meta name=\"twitter:card\" content=\"summary_large_image\" \/>\n<meta name=\"twitter:label1\" content=\"Dur\u00e9e de lecture estim\u00e9e\" \/>\n\t<meta name=\"twitter:data1\" content=\"2 minutes\" \/>\n<script type=\"application\/ld+json\" class=\"yoast-schema-graph\">{\"@context\":\"https:\/\/schema.org\",\"@graph\":[{\"@type\":\"WebPage\",\"@id\":\"https:\/\/montessorilittlebirds.ch\/tarifs\/\",\"url\":\"https:\/\/montessorilittlebirds.ch\/tarifs\/\",\"name\":\"Tarifs - Montessori Little Birds - Gen\u00e8ve\",\"isPartOf\":{\"@id\":\"https:\/\/montessorilittlebirds.ch\/#website\"},\"primaryImageOfPage\":{\"@id\":\"https:\/\/montessorilittlebirds.ch\/tarifs\/#primaryimage\"},\"image\":{\"@id\":\"https:\/\/montessorilittlebirds.ch\/tarifs\/#primaryimage\"},\"thumbnailUrl\":\"https:\/\/montessorilittlebirds.ch\/wp-content\/uploads\/2022\/05\/22.svg\",\"datePublished\":\"2024-09-30T09:38:28+00:00\",\"dateModified\":\"2025-12-01T10:59:02+00:00\",\"description\":\"Notre \u00e9cole est ouverte de 8h00 \u00e0 8h30 les lundis, mardis, jeudis et vendredis. Le mercredi fait place aux Wonderful Wednesdays pour l\u2019anglais. Lire plus\",\"breadcrumb\":{\"@id\":\"https:\/\/montessorilittlebirds.ch\/tarifs\/#breadcrumb\"},\"inLanguage\":\"fr-FR\",\"potentialAction\":[{\"@type\":\"ReadAction\",\"target\":[\"https:\/\/montessorilittlebirds.ch\/tarifs\/\"]}]},{\"@type\":\"ImageObject\",\"inLanguage\":\"fr-FR\",\"@id\":\"https:\/\/montessorilittlebirds.ch\/tarifs\/#primaryimage\",\"url\":\"https:\/\/montessorilittlebirds.ch\/wp-content\/uploads\/2022\/05\/22.svg\",\"contentUrl\":\"https:\/\/montessorilittlebirds.ch\/wp-content\/uploads\/2022\/05\/22.svg\"},{\"@type\":\"BreadcrumbList\",\"@id\":\"https:\/\/montessorilittlebirds.ch\/tarifs\/#breadcrumb\",\"itemListElement\":[{\"@type\":\"ListItem\",\"position\":1,\"name\":\"Home\",\"item\":\"https:\/\/montessorilittlebirds.ch\/fr\/\"},{\"@type\":\"ListItem\",\"position\":2,\"name\":\"Tarifs\"}]},{\"@type\":\"WebSite\",\"@id\":\"https:\/\/montessorilittlebirds.ch\/#website\",\"url\":\"https:\/\/montessorilittlebirds.ch\/\",\"name\":\"Montessori Little Birds\",\"description\":\"Ecole Montessori Bilingue, 3-6 ans \u00e0 Onex, Gen\u00e8ve\",\"potentialAction\":[{\"@type\":\"SearchAction\",\"target\":{\"@type\":\"EntryPoint\",\"urlTemplate\":\"https:\/\/montessorilittlebirds.ch\/?s={search_term_string}\"},\"query-input\":\"required name=search_term_string\"}],\"inLanguage\":\"fr-FR\"}]}<\/script>\n<!-- \/ Yoast SEO plugin. -->","yoast_head_json":{"title":"Tarifs - Montessori Little Birds - Gen\u00e8ve","description":"Notre \u00e9cole est ouverte de 8h00 \u00e0 8h30 les lundis, mardis, jeudis et vendredis. Le mercredi fait place aux Wonderful Wednesdays pour l\u2019anglais. Lire plus","robots":{"index":"index","follow":"follow","max-snippet":"max-snippet:-1","max-image-preview":"max-image-preview:large","max-video-preview":"max-video-preview:-1"},"canonical":"https:\/\/montessorilittlebirds.ch\/fr\/tarifs\/","og_locale":"fr_FR","og_type":"article","og_title":"Tarifs - Montessori Little Birds - Gen\u00e8ve","og_description":"Notre \u00e9cole est ouverte de 8h00 \u00e0 8h30 les lundis, mardis, jeudis et vendredis. Le mercredi fait place aux Wonderful Wednesdays pour l\u2019anglais. Lire plus","og_url":"https:\/\/montessorilittlebirds.ch\/fr\/tarifs\/","og_site_name":"Montessori Little Birds","article_modified_time":"2025-12-01T10:59:02+00:00","og_image":[{"url":"https:\/\/montessorilittlebirds.ch\/wp-content\/uploads\/2022\/05\/22.svg"}],"twitter_card":"summary_large_image","twitter_misc":{"Dur\u00e9e de lecture estim\u00e9e":"2 minutes"},"schema":{"@context":"https:\/\/schema.org","@graph":[{"@type":"WebPage","@id":"https:\/\/montessorilittlebirds.ch\/tarifs\/","url":"https:\/\/montessorilittlebirds.ch\/tarifs\/","name":"Tarifs - Montessori Little Birds - Gen\u00e8ve","isPartOf":{"@id":"https:\/\/montessorilittlebirds.ch\/#website"},"primaryImageOfPage":{"@id":"https:\/\/montessorilittlebirds.ch\/tarifs\/#primaryimage"},"image":{"@id":"https:\/\/montessorilittlebirds.ch\/tarifs\/#primaryimage"},"thumbnailUrl":"https:\/\/montessorilittlebirds.ch\/wp-content\/uploads\/2022\/05\/22.svg","datePublished":"2024-09-30T09:38:28+00:00","dateModified":"2025-12-01T10:59:02+00:00","description":"Notre \u00e9cole est ouverte de 8h00 \u00e0 8h30 les lundis, mardis, jeudis et vendredis. Le mercredi fait place aux Wonderful Wednesdays pour l\u2019anglais. Lire plus","breadcrumb":{"@id":"https:\/\/montessorilittlebirds.ch\/tarifs\/#breadcrumb"},"inLanguage":"fr-FR","potentialAction":[{"@type":"ReadAction","target":["https:\/\/montessorilittlebirds.ch\/tarifs\/"]}]},{"@type":"ImageObject","inLanguage":"fr-FR","@id":"https:\/\/montessorilittlebirds.ch\/tarifs\/#primaryimage","url":"https:\/\/montessorilittlebirds.ch\/wp-content\/uploads\/2022\/05\/22.svg","contentUrl":"https:\/\/montessorilittlebirds.ch\/wp-content\/uploads\/2022\/05\/22.svg"},{"@type":"BreadcrumbList","@id":"https:\/\/montessorilittlebirds.ch\/tarifs\/#breadcrumb","itemListElement":[{"@type":"ListItem","position":1,"name":"Home","item":"https:\/\/montessorilittlebirds.ch\/fr\/"},{"@type":"ListItem","position":2,"name":"Tarifs"}]},{"@type":"WebSite","@id":"https:\/\/montessorilittlebirds.ch\/#website","url":"https:\/\/montessorilittlebirds.ch\/","name":"Montessori Little Birds","description":"Ecole Montessori Bilingue, 3-6 ans \u00e0 Onex, Gen\u00e8ve","potentialAction":[{"@type":"SearchAction","target":{"@type":"EntryPoint","urlTemplate":"https:\/\/montessorilittlebirds.ch\/?s={search_term_string}"},"query-input":"required name=search_term_string"}],"inLanguage":"fr-FR"}]}},"_links":{"self":[{"href":"https:\/\/montessorilittlebirds.ch\/fr\/wp-json\/wp\/v2\/pages\/44542"}],"collection":[{"href":"https:\/\/montessorilittlebirds.ch\/fr\/wp-json\/wp\/v2\/pages"}],"about":[{"href":"https:\/\/montessorilittlebirds.ch\/fr\/wp-json\/wp\/v2\/types\/page"}],"author":[{"embeddable":true,"href":"https:\/\/montessorilittlebirds.ch\/fr\/wp-json\/wp\/v2\/users\/41"}],"replies":[{"embeddable":true,"href":"https:\/\/montessorilittlebirds.ch\/fr\/wp-json\/wp\/v2\/comments?post=44542"}],"version-history":[{"count":150,"href":"https:\/\/montessorilittlebirds.ch\/fr\/wp-json\/wp\/v2\/pages\/44542\/revisions"}],"predecessor-version":[{"id":48281,"href":"https:\/\/montessorilittlebirds.ch\/fr\/wp-json\/wp\/v2\/pages\/44542\/revisions\/48281"}],"wp:attachment":[{"href":"https:\/\/montessorilittlebirds.ch\/fr\/wp-json\/wp\/v2\/media?parent=44542"}],"curies":[{"name":"wp","href":"https:\/\/api.w.org\/{rel}","templated":true}]}}