{"id":46916,"date":"2025-02-28T12:10:44","date_gmt":"2025-02-28T11:10:44","guid":{"rendered":"https:\/\/montessorilittlebirds.ch\/?page_id=46916"},"modified":"2025-02-28T12:12:22","modified_gmt":"2025-02-28T11:12:22","slug":"notre-mission","status":"publish","type":"page","link":"https:\/\/montessorilittlebirds.ch\/fr\/notre-mission\/","title":{"rendered":"Notre mission"},"content":{"rendered":"<div data-elementor-type=\"wp-page\" data-elementor-id=\"46916\" class=\"elementor elementor-46916\" data-elementor-post-type=\"page\">\n\t\t\t\t\t\t<section class=\"elementor-section elementor-top-section elementor-element elementor-element-a491ba8 elementor-section-full_width elementor-section-height-default elementor-section-height-default\" data-id=\"a491ba8\" data-element_type=\"section\">\n\t\t\t\t\t\t<div class=\"elementor-container elementor-column-gap-default\">\n\t\t\t\t\t<div class=\"elementor-column elementor-col-100 elementor-top-column elementor-element elementor-element-7d8500f\" data-id=\"7d8500f\" data-element_type=\"column\">\n\t\t\t<div class=\"elementor-widget-wrap elementor-element-populated\">\n\t\t\t\t\t\t<section class=\"elementor-section elementor-inner-section elementor-element elementor-element-848722b elementor-section-full_width elementor-section-height-default elementor-section-height-default\" data-id=\"848722b\" data-element_type=\"section\">\n\t\t\t\t\t\t<div class=\"elementor-container elementor-column-gap-no\">\n\t\t\t\t\t<div class=\"elementor-column elementor-col-25 elementor-inner-column elementor-element elementor-element-01baa7f\" data-id=\"01baa7f\" data-element_type=\"column\" data-settings=\"{&quot;background_background&quot;:&quot;classic&quot;}\">\n\t\t\t<div class=\"elementor-widget-wrap elementor-element-populated\">\n\t\t\t\t\t\t<div class=\"elementor-element elementor-element-2af5eb5 elementor-widget elementor-widget-spacer\" data-id=\"2af5eb5\" data-element_type=\"widget\" data-widget_type=\"spacer.default\">\n\t\t\t\t<div class=\"elementor-widget-container\">\n\t\t\t<style>\/*! elementor - v3.20.0 - 13-03-2024 *\/\n.elementor-column .elementor-spacer-inner{height:var(--spacer-size)}.e-con{--container-widget-width:100%}.e-con-inner>.elementor-widget-spacer,.e-con>.elementor-widget-spacer{width:var(--container-widget-width,var(--spacer-size));--align-self:var(--container-widget-align-self,initial);--flex-shrink:0}.e-con-inner>.elementor-widget-spacer>.elementor-widget-container,.e-con>.elementor-widget-spacer>.elementor-widget-container{height:100%;width:100%}.e-con-inner>.elementor-widget-spacer>.elementor-widget-container>.elementor-spacer,.e-con>.elementor-widget-spacer>.elementor-widget-container>.elementor-spacer{height:100%}.e-con-inner>.elementor-widget-spacer>.elementor-widget-container>.elementor-spacer>.elementor-spacer-inner,.e-con>.elementor-widget-spacer>.elementor-widget-container>.elementor-spacer>.elementor-spacer-inner{height:var(--container-widget-height,var(--spacer-size))}.e-con-inner>.elementor-widget-spacer.elementor-widget-empty,.e-con>.elementor-widget-spacer.elementor-widget-empty{position:relative;min-height:22px;min-width:22px}.e-con-inner>.elementor-widget-spacer.elementor-widget-empty .elementor-widget-empty-icon,.e-con>.elementor-widget-spacer.elementor-widget-empty .elementor-widget-empty-icon{position:absolute;top:0;bottom:0;left:0;right:0;margin:auto;padding:0;width:22px;height:22px}<\/style>\t\t<div class=\"elementor-spacer\">\n\t\t\t<div class=\"elementor-spacer-inner\"><\/div>\n\t\t<\/div>\n\t\t\t\t<\/div>\n\t\t\t\t<\/div>\n\t\t\t\t\t<\/div>\n\t\t<\/div>\n\t\t\t\t<div class=\"elementor-column elementor-col-25 elementor-inner-column elementor-element elementor-element-ac9af10\" data-id=\"ac9af10\" data-element_type=\"column\" data-settings=\"{&quot;background_background&quot;:&quot;classic&quot;}\">\n\t\t\t<div class=\"elementor-widget-wrap elementor-element-populated\">\n\t\t\t\t\t\t<div class=\"elementor-element elementor-element-e56710c elementor-widget elementor-widget-spacer\" data-id=\"e56710c\" data-element_type=\"widget\" data-widget_type=\"spacer.default\">\n\t\t\t\t<div class=\"elementor-widget-container\">\n\t\t\t\t\t<div class=\"elementor-spacer\">\n\t\t\t<div class=\"elementor-spacer-inner\"><\/div>\n\t\t<\/div>\n\t\t\t\t<\/div>\n\t\t\t\t<\/div>\n\t\t\t\t\t<\/div>\n\t\t<\/div>\n\t\t\t\t<div class=\"elementor-column elementor-col-25 elementor-inner-column elementor-element elementor-element-c1f1c51\" data-id=\"c1f1c51\" data-element_type=\"column\" data-settings=\"{&quot;background_background&quot;:&quot;classic&quot;}\">\n\t\t\t<div class=\"elementor-widget-wrap elementor-element-populated\">\n\t\t\t\t\t\t<div class=\"elementor-element elementor-element-cba6ddd elementor-widget elementor-widget-spacer\" data-id=\"cba6ddd\" data-element_type=\"widget\" data-widget_type=\"spacer.default\">\n\t\t\t\t<div class=\"elementor-widget-container\">\n\t\t\t\t\t<div class=\"elementor-spacer\">\n\t\t\t<div class=\"elementor-spacer-inner\"><\/div>\n\t\t<\/div>\n\t\t\t\t<\/div>\n\t\t\t\t<\/div>\n\t\t\t\t\t<\/div>\n\t\t<\/div>\n\t\t\t\t<div class=\"elementor-column elementor-col-25 elementor-inner-column elementor-element elementor-element-e96469c\" data-id=\"e96469c\" data-element_type=\"column\" data-settings=\"{&quot;background_background&quot;:&quot;classic&quot;}\">\n\t\t\t<div class=\"elementor-widget-wrap elementor-element-populated\">\n\t\t\t\t\t\t<div class=\"elementor-element elementor-element-4f89d6d elementor-widget elementor-widget-spacer\" data-id=\"4f89d6d\" data-element_type=\"widget\" data-widget_type=\"spacer.default\">\n\t\t\t\t<div class=\"elementor-widget-container\">\n\t\t\t\t\t<div class=\"elementor-spacer\">\n\t\t\t<div class=\"elementor-spacer-inner\"><\/div>\n\t\t<\/div>\n\t\t\t\t<\/div>\n\t\t\t\t<\/div>\n\t\t\t\t\t<\/div>\n\t\t<\/div>\n\t\t\t\t\t<\/div>\n\t\t<\/section>\n\t\t\t\t<div class=\"elementor-element elementor-element-7c667cf elementor-widget elementor-widget-spacer\" data-id=\"7c667cf\" data-element_type=\"widget\" data-widget_type=\"spacer.default\">\n\t\t\t\t<div class=\"elementor-widget-container\">\n\t\t\t\t\t<div class=\"elementor-spacer\">\n\t\t\t<div class=\"elementor-spacer-inner\"><\/div>\n\t\t<\/div>\n\t\t\t\t<\/div>\n\t\t\t\t<\/div>\n\t\t\t\t\t<\/div>\n\t\t<\/div>\n\t\t\t\t\t<\/div>\n\t\t<\/section>\n\t\t\t\t<section class=\"elementor-section elementor-top-section elementor-element elementor-element-1bcef8d values elementor-section-boxed elementor-section-height-default elementor-section-height-default\" data-id=\"1bcef8d\" data-element_type=\"section\" data-settings=\"{&quot;background_background&quot;:&quot;classic&quot;}\">\n\t\t\t\t\t\t<div class=\"elementor-container elementor-column-gap-default\">\n\t\t\t\t\t<div class=\"elementor-column elementor-col-100 elementor-top-column elementor-element elementor-element-5b8e555\" data-id=\"5b8e555\" data-element_type=\"column\">\n\t\t\t<div class=\"elementor-widget-wrap elementor-element-populated\">\n\t\t\t\t\t\t<div class=\"elementor-element elementor-element-6e15fc5 elementor-widget elementor-widget-heading\" data-id=\"6e15fc5\" data-element_type=\"widget\" data-widget_type=\"heading.default\">\n\t\t\t\t<div class=\"elementor-widget-container\">\n\t\t\t<style>\/*! elementor - v3.20.0 - 13-03-2024 *\/\n.elementor-heading-title{padding:0;margin:0;line-height:1}.elementor-widget-heading .elementor-heading-title[class*=elementor-size-]>a{color:inherit;font-size:inherit;line-height:inherit}.elementor-widget-heading .elementor-heading-title.elementor-size-small{font-size:15px}.elementor-widget-heading .elementor-heading-title.elementor-size-medium{font-size:19px}.elementor-widget-heading .elementor-heading-title.elementor-size-large{font-size:29px}.elementor-widget-heading .elementor-heading-title.elementor-size-xl{font-size:39px}.elementor-widget-heading .elementor-heading-title.elementor-size-xxl{font-size:59px}<\/style><h2 class=\"elementor-heading-title elementor-size-default\">Mission<\/h2>\t\t<\/div>\n\t\t\t\t<\/div>\n\t\t\t\t\t<\/div>\n\t\t<\/div>\n\t\t\t\t\t<\/div>\n\t\t<\/section>\n\t\t\t\t<section class=\"elementor-section elementor-top-section elementor-element elementor-element-f967820 elementor-section-boxed elementor-section-height-default elementor-section-height-default\" data-id=\"f967820\" data-element_type=\"section\" id=\"charter\" data-settings=\"{&quot;background_background&quot;:&quot;classic&quot;}\">\n\t\t\t\t\t\t<div class=\"elementor-container elementor-column-gap-default\">\n\t\t\t\t\t<div class=\"elementor-column elementor-col-100 elementor-top-column elementor-element elementor-element-76a98e4\" data-id=\"76a98e4\" data-element_type=\"column\" data-settings=\"{&quot;background_background&quot;:&quot;classic&quot;}\">\n\t\t\t<div class=\"elementor-widget-wrap elementor-element-populated\">\n\t\t\t\t\t\t<div class=\"elementor-element elementor-element-0ffbcfd elementor-widget elementor-widget-text-editor\" data-id=\"0ffbcfd\" data-element_type=\"widget\" data-widget_type=\"text-editor.default\">\n\t\t\t\t<div class=\"elementor-widget-container\">\n\t\t\t<style>\/*! elementor - v3.20.0 - 13-03-2024 *\/\n.elementor-widget-text-editor.elementor-drop-cap-view-stacked .elementor-drop-cap{background-color:#69727d;color:#fff}.elementor-widget-text-editor.elementor-drop-cap-view-framed .elementor-drop-cap{color:#69727d;border:3px solid;background-color:transparent}.elementor-widget-text-editor:not(.elementor-drop-cap-view-default) .elementor-drop-cap{margin-top:8px}.elementor-widget-text-editor:not(.elementor-drop-cap-view-default) .elementor-drop-cap-letter{width:1em;height:1em}.elementor-widget-text-editor .elementor-drop-cap{float:left;text-align:center;line-height:1;font-size:50px}.elementor-widget-text-editor .elementor-drop-cap-letter{display:inline-block}<\/style>\t\t\t\t<div><span style=\"color: #ffffff;\">&nbsp;<\/span><\/div>\n<p style=\"text-align: left;\">Notre mission est d'offrir un environnement chaleureux, s\u00e9curis\u00e9 et stimulant, o\u00f9 chaque enfant peut d\u00e9velopper son plein potentiel, en respectant son rythme individuel, sa curiosit\u00e9 naturelle et son besoin d'autonomie.<\/p>\n<h3 style=\"text-align: left;\"><span style=\"color: #ffffff;\">Nos Principes Fondamentaux<\/span><\/h3>\n<div><span style=\"color: #ffffff;\">&nbsp;<\/span><\/div>\n<ul>\n<li style=\"text-align: left;\"><strong>Respect de l'enfant \u2013<\/strong> Nous reconnaissons chaque enfant comme un individu unique, avec ses propres talents, int\u00e9r\u00eats et besoins.<\/li>\n<li style=\"text-align: left;\"><strong>P\u00e9dagogie de l'autonomie \u2013<\/strong> Encourager les enfants \u00e0 choisir leurs activit\u00e9s, \u00e0 r\u00e9soudre leurs propres probl\u00e8mes et \u00e0 devenir responsables de leurs apprentissages.<\/li>\n<li style=\"text-align: left;\"><strong>Un environnement pr\u00e9par\u00e9 \u2013<\/strong> Proposer un espace ordonn\u00e9, esth\u00e9tique et adapt\u00e9 \u00e0 la taille des enfants, avec des mat\u00e9riaux Montessori con\u00e7us pour encourager l'exploration et l'apprentissage.<\/li>\n<li style=\"text-align: left;\"><strong>Apprentissage par l'exp\u00e9rience \u2013<\/strong> Favoriser le \"faire\" plut\u00f4t que le simple \"\u00e9couter\", en engageant activement les mains, les sens et l'esprit.<\/li>\n<li style=\"text-align: left;\"><strong>Coop\u00e9ration et communaut\u00e9 \u2013<\/strong> Valoriser l'entraide, le respect mutuel et la collaboration entre enfants et adultes.\n\u00a0<\/li>\n<\/ul>\n<h3 style=\"text-align: left;\"><span style=\"color: #ffffff;\">Valeurs Cl\u00e9s<\/span><\/h3>\n<div><span style=\"color: #ffffff;\">&nbsp;<\/span><\/div>\n<ul>\n<li style=\"text-align: left;\"><strong>Autonomie \u2013<\/strong> Permettre \u00e0 l\u2019enfant de faire par lui-m\u00eame, tout en offrant le soutien n\u00e9cessaire.<\/li>\n<li style=\"text-align: left;\"><strong>Respect \u2013<\/strong> Cultiver un profond respect pour soi-m\u00eame, les autres et le monde qui nous entoure.<\/li>\n<li style=\"text-align: left;\"><strong>Fulfillment&nbsp;\u2013<\/strong> Encourager la joie d\u2019apprendre et la confiance en soi dans chaque \u00e9tape du d\u00e9veloppement.<\/li>\n<\/ul>\n<h3 style=\"text-align: left;\"><span style=\"color: #ffffff;\"><strong>Engagements des \u00c9ducateurs<\/strong><\/span><\/h3>\n<div><span style=\"color: #ffffff;\"><strong>&nbsp;<\/strong><\/span><\/div>\n<ul>\n<li style=\"text-align: left;\">Observer chaque enfant avec bienveillance pour r\u00e9pondre \u00e0 ses besoins sp\u00e9cifiques.<\/li>\n<li style=\"text-align: left;\">Proposer un environnement riche en exp\u00e9riences \u00e9ducatives et sensoriellement stimulantes.<\/li>\n<li style=\"text-align: left;\">Accompagner les enfants dans leur d\u00e9veloppement.<\/li>\n<\/ul>\n<h3 style=\"text-align: left;\"><span style=\"color: #ffffff;\">Engagements des Enfants<\/span><\/h3>\n<div><span style=\"color: #ffffff;\">&nbsp;<\/span><\/div>\n<ul>\n<li style=\"text-align: left;\">Respecter les autres, les mat\u00e9riaux et l\u2019environnement.<\/li>\n<li style=\"text-align: left;\">S\u2019impliquer activement dans les activit\u00e9s choisies et terminer ce qu\u2019ils commencent.<\/li>\n<li style=\"text-align: left;\">Explorer avec curiosit\u00e9 et poser des questions pour apprendre.<\/li>\n<\/ul>\n<h3 style=\"text-align: left;\"><span style=\"color: #ffffff;\">Engagements des Parents<\/span><\/h3>\n<div><span style=\"color: #ffffff;\">&nbsp;<\/span><\/div>\n<ul>\n<li style=\"text-align: left;\">Soutenir l\u2019approche Montessori \u00e0 la maison en favorisant l\u2019autonomie et en respectant le rythme de l\u2019enfant.<\/li>\n<li style=\"text-align: left;\">Participer activement \u00e0 la vie de l\u2019\u00e9cole (r\u00e9unions, \u00e9v\u00e9nements, activit\u00e9s).<\/li>\n<li style=\"text-align: left;\">Encourager une communication ouverte et respectueuse avec les \u00e9ducateurs.<\/li>\n<\/ul>\n<h3 style=\"text-align: left;\"><span style=\"color: #ffffff;\">Fonctionnement de l\u2019\u00c9cole<\/span><\/h3>\n<div><span style=\"color: #ffffff;\">&nbsp;<\/span><\/div>\n<ul>\n<li style=\"text-align: left;\"><strong>Horaires \u2013<\/strong> Les activit\u00e9s se d\u00e9roulent selon un planning structur\u00e9,\u00a0respectant les besoins des enfants.<\/li>\n<li style=\"text-align: left;\"><strong>Mat\u00e9riaux Montessori \u2013<\/strong> Les enfants ont acc\u00e8s \u00e0 des outils sp\u00e9cialement con\u00e7us pour favoriser leur autonomie et leur apprentissage.<\/li>\n<li style=\"text-align: left;\"><strong>Assessment&nbsp;\u2013<\/strong> Pas de notes, mais des observations r\u00e9guli\u00e8res pour suivre le progr\u00e8s individuel de chaque enfant.<\/li>\n<\/ul>\n<h3 style=\"text-align: left;\"><span style=\"color: #ffffff;\">Inclusion et Diversit\u00e9<\/span><\/h3>\n<p style=\"text-align: left;\">Nous accueillons les enfants de toutes origines et cultures. La richesse de la diversit\u00e9 est une force pour l\u2019apprentissage et le d\u00e9veloppement social.<\/p>\n<h3 style=\"text-align: left;\"><span style=\"color: #ffffff;\">Engagement \u00c9cologique<\/span><\/h3>\n<p style=\"text-align: left;\">L'\u00e9cole Montessori s\u2019engage \u00e0 donner aux enfants des pratiques respectueuses de l\u2019environnement et \u00e0 sensibiliser les familles \u00e0 la durabilit\u00e9.<\/p>\t\t\t\t\t\t<\/div>\n\t\t\t\t<\/div>\n\t\t\t\t\t<\/div>\n\t\t<\/div>\n\t\t\t\t\t<\/div>\n\t\t<\/section>\n\t\t\t\t<\/div>","protected":false},"excerpt":{"rendered":"<p>Our Mission Statement &nbsp; Our mission is to provide a warm, safe, and stimulating environment where each child can develop their full potential while respecting their individual pace, natural curiosity, and need for autonomy. Our Core Principles &nbsp; Respect for the Child \u2013 We recognize each child as a unique individual with their own talents, [&hellip;]<\/p>","protected":false},"author":41,"featured_media":30783,"parent":0,"menu_order":0,"comment_status":"closed","ping_status":"closed","template":"elementor_header_footer","meta":{"footnotes":""},"yoast_head":"<!-- This site is optimized with the Yoast SEO plugin v22.2 - https:\/\/yoast.com\/wordpress\/plugins\/seo\/ -->\n<title>La Maison des Enfants - Une classe Montessori pour les petits<\/title>\n<meta name=\"description\" content=\"La Maison des Enfants est un lieu de vie et d\u2019apprentissage pour favoriser la construction de votre enfant et le voir s\u2019\u00e9panouir avec ce qui l\u2019entoure.\" \/>\n<meta name=\"robots\" content=\"index, follow, max-snippet:-1, max-image-preview:large, max-video-preview:-1\" \/>\n<link rel=\"canonical\" href=\"https:\/\/montessorilittlebirds.ch\/fr\/notre-mission\/\" \/>\n<meta property=\"og:locale\" content=\"fr_FR\" \/>\n<meta property=\"og:type\" content=\"article\" \/>\n<meta property=\"og:title\" content=\"La Maison des Enfants - Une classe Montessori pour les petits\" \/>\n<meta property=\"og:description\" content=\"La Maison des Enfants est un lieu de vie et d\u2019apprentissage pour favoriser la construction de votre enfant et le voir s\u2019\u00e9panouir avec ce qui l\u2019entoure.\" \/>\n<meta property=\"og:url\" content=\"https:\/\/montessorilittlebirds.ch\/fr\/notre-mission\/\" \/>\n<meta property=\"og:site_name\" content=\"Montessori Little Birds\" \/>\n<meta property=\"article:modified_time\" content=\"2025-02-28T11:12:22+00:00\" \/>\n<meta property=\"og:image\" content=\"https:\/\/montessorilittlebirds.ch\/wp-content\/uploads\/2022\/05\/MontessoriLittleBirds_InThePark.png\" \/>\n\t<meta property=\"og:image:width\" content=\"1000\" \/>\n\t<meta property=\"og:image:height\" content=\"1014\" \/>\n\t<meta property=\"og:image:type\" content=\"image\/png\" \/>\n<meta name=\"twitter:card\" content=\"summary_large_image\" \/>\n<meta name=\"twitter:label1\" content=\"Dur\u00e9e de lecture estim\u00e9e\" \/>\n\t<meta name=\"twitter:data1\" content=\"2 minutes\" \/>\n<script type=\"application\/ld+json\" class=\"yoast-schema-graph\">{\"@context\":\"https:\/\/schema.org\",\"@graph\":[{\"@type\":\"WebPage\",\"@id\":\"https:\/\/montessorilittlebirds.ch\/fr\/notre-mission\/\",\"url\":\"https:\/\/montessorilittlebirds.ch\/fr\/notre-mission\/\",\"name\":\"La Maison des Enfants - Une classe Montessori pour les petits\",\"isPartOf\":{\"@id\":\"https:\/\/montessorilittlebirds.ch\/#website\"},\"primaryImageOfPage\":{\"@id\":\"https:\/\/montessorilittlebirds.ch\/fr\/notre-mission\/#primaryimage\"},\"image\":{\"@id\":\"https:\/\/montessorilittlebirds.ch\/fr\/notre-mission\/#primaryimage\"},\"thumbnailUrl\":\"https:\/\/montessorilittlebirds.ch\/wp-content\/uploads\/2022\/05\/MontessoriLittleBirds_InThePark.png\",\"datePublished\":\"2025-02-28T11:10:44+00:00\",\"dateModified\":\"2025-02-28T11:12:22+00:00\",\"description\":\"La Maison des Enfants est un lieu de vie et d\u2019apprentissage pour favoriser la construction de votre enfant et le voir s\u2019\u00e9panouir avec ce qui l\u2019entoure.\",\"breadcrumb\":{\"@id\":\"https:\/\/montessorilittlebirds.ch\/fr\/notre-mission\/#breadcrumb\"},\"inLanguage\":\"fr-FR\",\"potentialAction\":[{\"@type\":\"ReadAction\",\"target\":[\"https:\/\/montessorilittlebirds.ch\/fr\/notre-mission\/\"]}]},{\"@type\":\"ImageObject\",\"inLanguage\":\"fr-FR\",\"@id\":\"https:\/\/montessorilittlebirds.ch\/fr\/notre-mission\/#primaryimage\",\"url\":\"https:\/\/montessorilittlebirds.ch\/wp-content\/uploads\/2022\/05\/MontessoriLittleBirds_InThePark.png\",\"contentUrl\":\"https:\/\/montessorilittlebirds.ch\/wp-content\/uploads\/2022\/05\/MontessoriLittleBirds_InThePark.png\",\"width\":1000,\"height\":1014,\"caption\":\"Notre \u00e9cole se situe dans les environs calmes et idylliques du canton de Gen\u00e8ve, \u00e0 proximit\u00e9 d'un grand parc, d'une aire de jeux, d'une for\u00eat et d'une rivi\u00e8re. Ce lien avec la nature nous permet de cultiver une approche humaniste et holistique de l'\u00e9ducation.\"},{\"@type\":\"BreadcrumbList\",\"@id\":\"https:\/\/montessorilittlebirds.ch\/fr\/notre-mission\/#breadcrumb\",\"itemListElement\":[{\"@type\":\"ListItem\",\"position\":1,\"name\":\"Home\",\"item\":\"https:\/\/montessorilittlebirds.ch\/\"},{\"@type\":\"ListItem\",\"position\":2,\"name\":\"Notre mission\"}]},{\"@type\":\"WebSite\",\"@id\":\"https:\/\/montessorilittlebirds.ch\/#website\",\"url\":\"https:\/\/montessorilittlebirds.ch\/\",\"name\":\"Montessori Little Birds\",\"description\":\"Ecole Montessori Bilingue, 3-6 ans \u00e0 Onex, Gen\u00e8ve\",\"potentialAction\":[{\"@type\":\"SearchAction\",\"target\":{\"@type\":\"EntryPoint\",\"urlTemplate\":\"https:\/\/montessorilittlebirds.ch\/?s={search_term_string}\"},\"query-input\":\"required name=search_term_string\"}],\"inLanguage\":\"fr-FR\"}]}<\/script>\n<!-- \/ Yoast SEO plugin. -->","yoast_head_json":{"title":"La Maison des Enfants - Une classe Montessori pour les petits","description":"La Maison des Enfants est un lieu de vie et d\u2019apprentissage pour favoriser la construction de votre enfant et le voir s\u2019\u00e9panouir avec ce qui l\u2019entoure.","robots":{"index":"index","follow":"follow","max-snippet":"max-snippet:-1","max-image-preview":"max-image-preview:large","max-video-preview":"max-video-preview:-1"},"canonical":"https:\/\/montessorilittlebirds.ch\/fr\/notre-mission\/","og_locale":"fr_FR","og_type":"article","og_title":"La Maison des Enfants - Une classe Montessori pour les petits","og_description":"La Maison des Enfants est un lieu de vie et d\u2019apprentissage pour favoriser la construction de votre enfant et le voir s\u2019\u00e9panouir avec ce qui l\u2019entoure.","og_url":"https:\/\/montessorilittlebirds.ch\/fr\/notre-mission\/","og_site_name":"Montessori Little Birds","article_modified_time":"2025-02-28T11:12:22+00:00","og_image":[{"url":"https:\/\/montessorilittlebirds.ch\/wp-content\/uploads\/2022\/05\/MontessoriLittleBirds_InThePark.png","width":1000,"height":1014,"type":"image\/png"}],"twitter_card":"summary_large_image","twitter_misc":{"Dur\u00e9e de lecture estim\u00e9e":"2 minutes"},"schema":{"@context":"https:\/\/schema.org","@graph":[{"@type":"WebPage","@id":"https:\/\/montessorilittlebirds.ch\/fr\/notre-mission\/","url":"https:\/\/montessorilittlebirds.ch\/fr\/notre-mission\/","name":"La Maison des Enfants - Une classe Montessori pour les petits","isPartOf":{"@id":"https:\/\/montessorilittlebirds.ch\/#website"},"primaryImageOfPage":{"@id":"https:\/\/montessorilittlebirds.ch\/fr\/notre-mission\/#primaryimage"},"image":{"@id":"https:\/\/montessorilittlebirds.ch\/fr\/notre-mission\/#primaryimage"},"thumbnailUrl":"https:\/\/montessorilittlebirds.ch\/wp-content\/uploads\/2022\/05\/MontessoriLittleBirds_InThePark.png","datePublished":"2025-02-28T11:10:44+00:00","dateModified":"2025-02-28T11:12:22+00:00","description":"La Maison des Enfants est un lieu de vie et d\u2019apprentissage pour favoriser la construction de votre enfant et le voir s\u2019\u00e9panouir avec ce qui l\u2019entoure.","breadcrumb":{"@id":"https:\/\/montessorilittlebirds.ch\/fr\/notre-mission\/#breadcrumb"},"inLanguage":"fr-FR","potentialAction":[{"@type":"ReadAction","target":["https:\/\/montessorilittlebirds.ch\/fr\/notre-mission\/"]}]},{"@type":"ImageObject","inLanguage":"fr-FR","@id":"https:\/\/montessorilittlebirds.ch\/fr\/notre-mission\/#primaryimage","url":"https:\/\/montessorilittlebirds.ch\/wp-content\/uploads\/2022\/05\/MontessoriLittleBirds_InThePark.png","contentUrl":"https:\/\/montessorilittlebirds.ch\/wp-content\/uploads\/2022\/05\/MontessoriLittleBirds_InThePark.png","width":1000,"height":1014,"caption":"Notre \u00e9cole se situe dans les environs calmes et idylliques du canton de Gen\u00e8ve, \u00e0 proximit\u00e9 d'un grand parc, d'une aire de jeux, d'une for\u00eat et d'une rivi\u00e8re. Ce lien avec la nature nous permet de cultiver une approche humaniste et holistique de l'\u00e9ducation."},{"@type":"BreadcrumbList","@id":"https:\/\/montessorilittlebirds.ch\/fr\/notre-mission\/#breadcrumb","itemListElement":[{"@type":"ListItem","position":1,"name":"Home","item":"https:\/\/montessorilittlebirds.ch\/"},{"@type":"ListItem","position":2,"name":"Notre mission"}]},{"@type":"WebSite","@id":"https:\/\/montessorilittlebirds.ch\/#website","url":"https:\/\/montessorilittlebirds.ch\/","name":"Montessori Little Birds","description":"Ecole Montessori Bilingue, 3-6 ans \u00e0 Onex, Gen\u00e8ve","potentialAction":[{"@type":"SearchAction","target":{"@type":"EntryPoint","urlTemplate":"https:\/\/montessorilittlebirds.ch\/?s={search_term_string}"},"query-input":"required name=search_term_string"}],"inLanguage":"fr-FR"}]}},"_links":{"self":[{"href":"https:\/\/montessorilittlebirds.ch\/fr\/wp-json\/wp\/v2\/pages\/46916"}],"collection":[{"href":"https:\/\/montessorilittlebirds.ch\/fr\/wp-json\/wp\/v2\/pages"}],"about":[{"href":"https:\/\/montessorilittlebirds.ch\/fr\/wp-json\/wp\/v2\/types\/page"}],"author":[{"embeddable":true,"href":"https:\/\/montessorilittlebirds.ch\/fr\/wp-json\/wp\/v2\/users\/41"}],"replies":[{"embeddable":true,"href":"https:\/\/montessorilittlebirds.ch\/fr\/wp-json\/wp\/v2\/comments?post=46916"}],"version-history":[{"count":4,"href":"https:\/\/montessorilittlebirds.ch\/fr\/wp-json\/wp\/v2\/pages\/46916\/revisions"}],"predecessor-version":[{"id":46920,"href":"https:\/\/montessorilittlebirds.ch\/fr\/wp-json\/wp\/v2\/pages\/46916\/revisions\/46920"}],"wp:featuredmedia":[{"embeddable":true,"href":"https:\/\/montessorilittlebirds.ch\/fr\/wp-json\/wp\/v2\/media\/30783"}],"wp:attachment":[{"href":"https:\/\/montessorilittlebirds.ch\/fr\/wp-json\/wp\/v2\/media?parent=46916"}],"curies":[{"name":"wp","href":"https:\/\/api.w.org\/{rel}","templated":true}]}}